{"id":1439,"date":"2025-09-24T19:17:34","date_gmt":"2025-09-24T18:17:34","guid":{"rendered":"https:\/\/clemenceroy.com\/?page_id=1439"},"modified":"2025-10-29T19:03:37","modified_gmt":"2025-10-29T18:03:37","slug":"tybalt-ou-la-peur-de-grandir","status":"publish","type":"page","link":"https:\/\/clemenceroy.com\/index.php\/tybalt-ou-la-peur-de-grandir\/","title":{"rendered":"TYBALT ou la peur de grandir"},"content":{"rendered":"\t\t<div data-elementor-type=\"wp-page\" data-elementor-id=\"1439\" class=\"elementor elementor-1439\">\n\t\t\t\t\t\t<section class=\"elementor-section elementor-top-section elementor-element elementor-element-02a46bb elementor-section-boxed elementor-section-height-default elementor-section-height-default\" data-id=\"02a46bb\" data-element_type=\"section\">\n\t\t\t\t\t\t<div class=\"elementor-container elementor-column-gap-default\">\n\t\t\t\t\t<div class=\"elementor-column elementor-col-100 elementor-top-column elementor-element elementor-element-dad6a05\" data-id=\"dad6a05\" data-element_type=\"column\">\n\t\t\t<div class=\"elementor-widget-wrap elementor-element-populated\">\n\t\t\t\t\t\t<section class=\"elementor-section elementor-inner-section elementor-element elementor-element-6abebe9 elementor-section-boxed elementor-section-height-default elementor-section-height-default\" data-id=\"6abebe9\" data-element_type=\"section\">\n\t\t\t\t\t\t<div class=\"elementor-container elementor-column-gap-default\">\n\t\t\t\t\t<section class=\"elementor-column elementor-col-50 elementor-inner-column elementor-element elementor-element-87c71ce\" data-id=\"87c71ce\" data-element_type=\"column\">\n\t\t\t<div class=\"elementor-widget-wrap elementor-element-populated\">\n\t\t\t\t\t\t<div class=\"elementor-element elementor-element-5cc7313 elementor-widget elementor-widget-heading\" data-id=\"5cc7313\" data-element_type=\"widget\" data-widget_type=\"heading.default\">\n\t\t\t\t<div class=\"elementor-widget-container\">\n\t\t\t<style>\/*! elementor - v3.21.0 - 20-05-2024 *\/\n.elementor-heading-title{padding:0;margin:0;line-height:1}.elementor-widget-heading .elementor-heading-title[class*=elementor-size-]>a{color:inherit;font-size:inherit;line-height:inherit}.elementor-widget-heading .elementor-heading-title.elementor-size-small{font-size:15px}.elementor-widget-heading .elementor-heading-title.elementor-size-medium{font-size:19px}.elementor-widget-heading .elementor-heading-title.elementor-size-large{font-size:29px}.elementor-widget-heading .elementor-heading-title.elementor-size-xl{font-size:39px}.elementor-widget-heading .elementor-heading-title.elementor-size-xxl{font-size:59px}<\/style><h2 class=\"elementor-heading-title elementor-size-default\">Tybalt\nou la peur de grandir<\/h2>\t\t<\/div>\n\t\t\t\t<\/div>\n\t\t\t\t<div class=\"elementor-element elementor-element-60a7ac6 elementor-widget elementor-widget-heading\" data-id=\"60a7ac6\" data-element_type=\"widget\" data-widget_type=\"heading.default\">\n\t\t\t\t<div class=\"elementor-widget-container\">\n\t\t\t<h3 class=\"elementor-heading-title elementor-size-default\">Conte musical 2025 \/ Tout public \u00e0 partir de 7 ans \/ Dur\u00e9e 50 mn<\/h3>\t\t<\/div>\n\t\t\t\t<\/div>\n\t\t\t\t<div class=\"elementor-element elementor-element-deaf9c6 elementor-widget elementor-widget-text-editor\" data-id=\"deaf9c6\" data-element_type=\"widget\" data-widget_type=\"text-editor.default\">\n\t\t\t\t<div class=\"elementor-widget-container\">\n\t\t\t<style>\/*! elementor - v3.21.0 - 20-05-2024 *\/\n.elementor-widget-text-editor.elementor-drop-cap-view-stacked .elementor-drop-cap{background-color:#69727d;color:#fff}.elementor-widget-text-editor.elementor-drop-cap-view-framed .elementor-drop-cap{color:#69727d;border:3px solid;background-color:transparent}.elementor-widget-text-editor:not(.elementor-drop-cap-view-default) .elementor-drop-cap{margin-top:8px}.elementor-widget-text-editor:not(.elementor-drop-cap-view-default) .elementor-drop-cap-letter{width:1em;height:1em}.elementor-widget-text-editor .elementor-drop-cap{float:left;text-align:center;line-height:1;font-size:50px}.elementor-widget-text-editor .elementor-drop-cap-letter{display:inline-block}<\/style>\t\t\t\t<p>Tybalt, surnomm\u00e9 Ptib&rsquo;, vit dans un petit village au bord de la mer, seul avec sa maman depuis que son papa est mort en mer. Marin, celui-ci \u00e9tait tr\u00e8s appr\u00e9ci\u00e9.<\/p><p>Pas facile de se construire \u00e0 l&rsquo;ombre de ce papa qui prend tellement de place. Surtout quand on ne lui ressemble pas du tout : Ptib&rsquo; est r\u00eaveur et musicien. Il invente des mondes o\u00f9 la vie lui est plus douce. Tout cela ne l&rsquo;aide pas \u00e0 trouver un m\u00e9tier quand il arrive en \u00e2ge de travailler. Il passe ses journ\u00e9es \u00e0 jouer avec son ami Perr\u00e1n dans les bateaux abandonn\u00e9s sur la gr\u00e8ve.<\/p><p>Mais un jour, Il s&rsquo;endort dans la cale d&rsquo;un bateau et se r\u00e9veille en pleine mer. L&rsquo;aventure commence&#8230;<\/p><p>\u00c9criture, jeu et mise en sc\u00e8ne : Cl\u00e9mence ROY \/ Vielle \u00e0 roue : David S\u00e9v\u00e9rac<\/p><p>Spectacle cr\u00e9\u00e9 en cor\u00e9alisation avec <a href=\"https:\/\/legrandlieuduconte.fr\/\">Le Grand Lieu du Conte<\/a><\/p><p>Contact diffusion : <a href=\"https:\/\/www.labobinettecherra.com\/\">La Bobinette cherra<\/a><\/p>\t\t\t\t\t\t<\/div>\n\t\t\t\t<\/div>\n\t\t\t\t<div class=\"elementor-element elementor-element-8ec6540 elementor-align-center elementor-widget elementor-widget-button\" data-id=\"8ec6540\" data-element_type=\"widget\" data-widget_type=\"button.default\">\n\t\t\t\t<div class=\"elementor-widget-container\">\n\t\t\t\t\t<div class=\"elementor-button-wrapper\">\n\t\t\t<a class=\"elementor-button elementor-button-link elementor-size-sm\" href=\"https:\/\/www.aht.li\/3935140\/Tybalt_ou_la_peur_de_grandir_DP_2025.pdf\">\n\t\t\t\t\t\t<span class=\"elementor-button-content-wrapper\">\n\t\t\t\t\t\t\t\t\t<span class=\"elementor-button-text\">T\u00e9l\u00e9charger le dossier<\/span>\n\t\t\t\t\t<\/span>\n\t\t\t\t\t<\/a>\n\t\t<\/div>\n\t\t\t\t<\/div>\n\t\t\t\t<\/div>\n\t\t\t\t\t<\/div>\n\t\t<\/section>\n\t\t\t\t<section class=\"elementor-column elementor-col-50 elementor-inner-column elementor-element elementor-element-b8997d9\" data-id=\"b8997d9\" data-element_type=\"column\">\n\t\t\t<div class=\"elementor-widget-wrap elementor-element-populated\">\n\t\t\t\t\t\t<div class=\"elementor-element elementor-element-805a300 elementor-widget elementor-widget-image\" data-id=\"805a300\" data-element_type=\"widget\" data-widget_type=\"image.default\">\n\t\t\t\t<div class=\"elementor-widget-container\">\n\t\t\t<style>\/*! elementor - v3.21.0 - 20-05-2024 *\/\n.elementor-widget-image{text-align:center}.elementor-widget-image a{display:inline-block}.elementor-widget-image a img[src$=\".svg\"]{width:48px}.elementor-widget-image img{vertical-align:middle;display:inline-block}<\/style>\t\t\t\t\t\t\t\t\t\t<img fetchpriority=\"high\" decoding=\"async\" width=\"1024\" height=\"1024\" src=\"https:\/\/clemenceroy.com\/wp-content\/uploads\/2025\/09\/TYBALT_RS__INSTA02-1024x1024.jpg\" class=\"attachment-large size-large wp-image-1444\" alt=\"un petit gar\u00e7on assis sur une chaise nous tourne le dos et regarde un bateau qui vogue vers le large sur une mer agit\u00e9e\" srcset=\"https:\/\/clemenceroy.com\/wp-content\/uploads\/2025\/09\/TYBALT_RS__INSTA02-1024x1024.jpg 1024w, https:\/\/clemenceroy.com\/wp-content\/uploads\/2025\/09\/TYBALT_RS__INSTA02-300x300.jpg 300w, https:\/\/clemenceroy.com\/wp-content\/uploads\/2025\/09\/TYBALT_RS__INSTA02-150x150.jpg 150w, https:\/\/clemenceroy.com\/wp-content\/uploads\/2025\/09\/TYBALT_RS__INSTA02-768x768.jpg 768w, https:\/\/clemenceroy.com\/wp-content\/uploads\/2025\/09\/TYBALT_RS__INSTA02-600x600.jpg 600w, https:\/\/clemenceroy.com\/wp-content\/uploads\/2025\/09\/TYBALT_RS__INSTA02.jpg 1080w\" sizes=\"(max-width: 1024px) 100vw, 1024px\" \/>\t\t\t\t\t\t\t\t\t\t\t\t\t<\/div>\n\t\t\t\t<\/div>\n\t\t\t\t\t<\/div>\n\t\t<\/section>\n\t\t\t\t\t<\/div>\n\t\t<\/section>\n\t\t\t\t\t<\/div>\n\t\t<\/div>\n\t\t\t\t\t<\/div>\n\t\t<\/section>\n\t\t\t\t<section class=\"elementor-section elementor-top-section elementor-element elementor-element-90d66c8 elementor-section-boxed elementor-section-height-default elementor-section-height-default\" data-id=\"90d66c8\" data-element_type=\"section\">\n\t\t\t\t\t\t<div class=\"elementor-container elementor-column-gap-default\">\n\t\t\t\t\t<div class=\"elementor-column elementor-col-100 elementor-top-column elementor-element elementor-element-109499d\" data-id=\"109499d\" data-element_type=\"column\">\n\t\t\t<div class=\"elementor-widget-wrap elementor-element-populated\">\n\t\t\t\t\t\t<section class=\"elementor-section elementor-inner-section elementor-element elementor-element-4b9d5e4 elementor-section-boxed elementor-section-height-default elementor-section-height-default\" data-id=\"4b9d5e4\" data-element_type=\"section\">\n\t\t\t\t\t\t<div class=\"elementor-container elementor-column-gap-default\">\n\t\t\t\t\t<section class=\"elementor-column elementor-col-100 elementor-inner-column elementor-element elementor-element-48baaf3\" data-id=\"48baaf3\" data-element_type=\"column\">\n\t\t\t<div class=\"elementor-widget-wrap elementor-element-populated\">\n\t\t\t\t\t\t<div class=\"elementor-element elementor-element-08fc3e5 elementor-widget elementor-widget-text-editor\" data-id=\"08fc3e5\" data-element_type=\"widget\" data-widget_type=\"text-editor.default\">\n\t\t\t\t<div class=\"elementor-widget-container\">\n\t\t\t\t\t\t\t<p>Les autres spectacles : <a href=\"https:\/\/clemenceroy.com\/index.php\/elementor-178\/\">La F\u00e9e parapluie<\/a> \/ <a href=\"https:\/\/clemenceroy.com\/index.php\/theatre-forum-2021\/\">Th\u00e9\u00e2tre forum sur le harc\u00e8lement<\/a> \/ <a href=\"https:\/\/clemenceroy.com\/index.php\/la-profession-de-foi\/\">Dis-moi ton p\u00e9ch\u00e9<\/a> \/ <a href=\"https:\/\/clemenceroy.com\/index.php\/elementor-1115\/\">Comme une ritournelle \/ <\/a><a href=\"https:\/\/clemenceroy.com\/index.php\/le-petit-theatre-des-contes-2014\/\">Le Petit th\u00e9\u00e2tre des contes<\/a><\/p>\t\t\t\t\t\t<\/div>\n\t\t\t\t<\/div>\n\t\t\t\t\t<\/div>\n\t\t<\/section>\n\t\t\t\t\t<\/div>\n\t\t<\/section>\n\t\t\t\t\t<\/div>\n\t\t<\/div>\n\t\t\t\t\t<\/div>\n\t\t<\/section>\n\t\t\t\t<\/div>\n\t\t","protected":false},"excerpt":{"rendered":"<p>Tybalt ou la peur de grandir Conte musical 2025 \/ Tout public \u00e0 partir de 7 ans \/ Dur\u00e9e 50 mn Tybalt, surnomm\u00e9 Ptib&rsquo;, vit dans un petit village au bord de la mer, seul avec sa maman depuis que son papa est mort en mer. Marin, celui-ci \u00e9tait tr\u00e8s appr\u00e9ci\u00e9. Pas facile de se [&hellip;]<\/p>\n","protected":false},"author":1,"featured_media":0,"parent":0,"menu_order":0,"comment_status":"closed","ping_status":"closed","template":"","meta":{"footnotes":""},"class_list":["post-1439","page","type-page","status-publish","hentry","entry"],"_links":{"self":[{"href":"https:\/\/clemenceroy.com\/index.php\/wp-json\/wp\/v2\/pages\/1439","targetHints":{"allow":["GET"]}}],"collection":[{"href":"https:\/\/clemenceroy.com\/index.php\/wp-json\/wp\/v2\/pages"}],"about":[{"href":"https:\/\/clemenceroy.com\/index.php\/wp-json\/wp\/v2\/types\/page"}],"author":[{"embeddable":true,"href":"https:\/\/clemenceroy.com\/index.php\/wp-json\/wp\/v2\/users\/1"}],"replies":[{"embeddable":true,"href":"https:\/\/clemenceroy.com\/index.php\/wp-json\/wp\/v2\/comments?post=1439"}],"version-history":[{"count":13,"href":"https:\/\/clemenceroy.com\/index.php\/wp-json\/wp\/v2\/pages\/1439\/revisions"}],"predecessor-version":[{"id":1501,"href":"https:\/\/clemenceroy.com\/index.php\/wp-json\/wp\/v2\/pages\/1439\/revisions\/1501"}],"wp:attachment":[{"href":"https:\/\/clemenceroy.com\/index.php\/wp-json\/wp\/v2\/media?parent=1439"}],"curies":[{"name":"wp","href":"https:\/\/api.w.org\/{rel}","templated":true}]}}