{"id":178,"date":"2022-08-20T09:46:32","date_gmt":"2022-08-20T08:46:32","guid":{"rendered":"https:\/\/clemenceroy.com\/?page_id=178"},"modified":"2025-10-29T18:58:58","modified_gmt":"2025-10-29T17:58:58","slug":"elementor-178","status":"publish","type":"page","link":"https:\/\/clemenceroy.com\/index.php\/elementor-178\/","title":{"rendered":"La F\u00e9e parapluie"},"content":{"rendered":"\t\t<div data-elementor-type=\"wp-page\" data-elementor-id=\"178\" class=\"elementor elementor-178\">\n\t\t\t\t\t\t<section class=\"elementor-section elementor-top-section elementor-element elementor-element-2974171 elementor-section-boxed elementor-section-height-default elementor-section-height-default\" data-id=\"2974171\" data-element_type=\"section\">\n\t\t\t\t\t\t<div class=\"elementor-container elementor-column-gap-default\">\n\t\t\t\t\t<div class=\"elementor-column elementor-col-100 elementor-top-column elementor-element elementor-element-b0ec44d\" data-id=\"b0ec44d\" data-element_type=\"column\">\n\t\t\t<div class=\"elementor-widget-wrap elementor-element-populated\">\n\t\t\t\t\t\t<section class=\"elementor-section elementor-inner-section elementor-element elementor-element-0ef706f elementor-section-boxed elementor-section-height-default elementor-section-height-default\" data-id=\"0ef706f\" data-element_type=\"section\">\n\t\t\t\t\t\t<div class=\"elementor-container elementor-column-gap-default\">\n\t\t\t\t\t<section class=\"elementor-column elementor-col-50 elementor-inner-column elementor-element elementor-element-a715d16\" data-id=\"a715d16\" data-element_type=\"column\">\n\t\t\t<div class=\"elementor-widget-wrap elementor-element-populated\">\n\t\t\t\t\t\t<div class=\"elementor-element elementor-element-ec7276e elementor-widget elementor-widget-heading\" data-id=\"ec7276e\" data-element_type=\"widget\" data-widget_type=\"heading.default\">\n\t\t\t\t<div class=\"elementor-widget-container\">\n\t\t\t<style>\/*! elementor - v3.21.0 - 20-05-2024 *\/\n.elementor-heading-title{padding:0;margin:0;line-height:1}.elementor-widget-heading .elementor-heading-title[class*=elementor-size-]>a{color:inherit;font-size:inherit;line-height:inherit}.elementor-widget-heading .elementor-heading-title.elementor-size-small{font-size:15px}.elementor-widget-heading .elementor-heading-title.elementor-size-medium{font-size:19px}.elementor-widget-heading .elementor-heading-title.elementor-size-large{font-size:29px}.elementor-widget-heading .elementor-heading-title.elementor-size-xl{font-size:39px}.elementor-widget-heading .elementor-heading-title.elementor-size-xxl{font-size:59px}<\/style><h2 class=\"elementor-heading-title elementor-size-default\">La F\u00e9e parapluie<\/h2>\t\t<\/div>\n\t\t\t\t<\/div>\n\t\t\t\t<div class=\"elementor-element elementor-element-2a559b4 elementor-widget elementor-widget-heading\" data-id=\"2a559b4\" data-element_type=\"widget\" data-widget_type=\"heading.default\">\n\t\t\t\t<div class=\"elementor-widget-container\">\n\t\t\t<h3 class=\"elementor-heading-title elementor-size-default\">Cr\u00e9ation conte 2016 \/ Public 2-5 ans \/ dur\u00e9e 40 mn<\/h3>\t\t<\/div>\n\t\t\t\t<\/div>\n\t\t\t\t<div class=\"elementor-element elementor-element-2b0c3ec elementor-widget elementor-widget-text-editor\" data-id=\"2b0c3ec\" data-element_type=\"widget\" data-widget_type=\"text-editor.default\">\n\t\t\t\t<div class=\"elementor-widget-container\">\n\t\t\t<style>\/*! elementor - v3.21.0 - 20-05-2024 *\/\n.elementor-widget-text-editor.elementor-drop-cap-view-stacked .elementor-drop-cap{background-color:#69727d;color:#fff}.elementor-widget-text-editor.elementor-drop-cap-view-framed .elementor-drop-cap{color:#69727d;border:3px solid;background-color:transparent}.elementor-widget-text-editor:not(.elementor-drop-cap-view-default) .elementor-drop-cap{margin-top:8px}.elementor-widget-text-editor:not(.elementor-drop-cap-view-default) .elementor-drop-cap-letter{width:1em;height:1em}.elementor-widget-text-editor .elementor-drop-cap{float:left;text-align:center;line-height:1;font-size:50px}.elementor-widget-text-editor .elementor-drop-cap-letter{display:inline-block}<\/style>\t\t\t\t<p>Le spectacle original sous forme de cin\u00e9-conte a \u00e9t\u00e9 cr\u00e9\u00e9 en 2016 en partenariat avec l&rsquo;association Panda Roux (cr\u00e9ations pour l&rsquo;enfance et l&rsquo;\u00e9ducation) et Cin\u00e9 93 (r\u00e9seaux de cin\u00e9mas de la Sein-St-Denis). Une seconde cr\u00e9ation a \u00e9t\u00e9 r\u00e9alis\u00e9e ensuite avec un d\u00e9cor de maison en bois, sans les court-m\u00e9trages.<\/p><p>Les tout-petits n&rsquo;\u00e9tant pas encore au fait de l&rsquo;heure ou des saisons, il s&rsquo;agit de les \u00e9veiller au temps qui passe \u00e0 travers des situations et jeux qu&rsquo;ils connaissent bien : beaut\u00e9 des fleurs au printemps, chaleur et vacances en \u00e9t\u00e9, sauts dan les flaques \u00e0 l&rsquo;automne, et flocons de neige l&rsquo;hiver.<\/p><p>2 formules au choix :<\/p><p>Le spectacle de contes avec un d\u00e9cor de maison<\/p><p>Le cin\u00e9-conte avec projection de 3 court-m\u00e9trages<\/p><p>Contact diffusion : <a href=\"https:\/\/www.labobinettecherra.com\/la-fee-parapluie\">La Bobinette cherra<\/a><\/p>\t\t\t\t\t\t<\/div>\n\t\t\t\t<\/div>\n\t\t\t\t<div class=\"elementor-element elementor-element-3247351 elementor-align-center elementor-widget elementor-widget-button\" data-id=\"3247351\" data-element_type=\"widget\" data-widget_type=\"button.default\">\n\t\t\t\t<div class=\"elementor-widget-container\">\n\t\t\t\t\t<div class=\"elementor-button-wrapper\">\n\t\t\t<a class=\"elementor-button elementor-button-link elementor-size-sm\" href=\"https:\/\/www.aht.li\/3730495\/DOSSIER_CLEM_PARAPLUIE_2022-diffuseur.pdf\" target=\"_blank\">\n\t\t\t\t\t\t<span class=\"elementor-button-content-wrapper\">\n\t\t\t\t\t\t\t\t\t<span class=\"elementor-button-text\">T\u00e9l\u00e9charger le dossier<\/span>\n\t\t\t\t\t<\/span>\n\t\t\t\t\t<\/a>\n\t\t<\/div>\n\t\t\t\t<\/div>\n\t\t\t\t<\/div>\n\t\t\t\t<div class=\"elementor-element elementor-element-6655b52 elementor-align-center elementor-widget elementor-widget-button\" data-id=\"6655b52\" data-element_type=\"widget\" data-widget_type=\"button.default\">\n\t\t\t\t<div class=\"elementor-widget-container\">\n\t\t\t\t\t<div class=\"elementor-button-wrapper\">\n\t\t\t<a class=\"elementor-button elementor-button-link elementor-size-sm\" href=\"https:\/\/youtu.be\/PMHJaQ1AWqA\">\n\t\t\t\t\t\t<span class=\"elementor-button-content-wrapper\">\n\t\t\t\t\t\t\t\t\t<span class=\"elementor-button-text\">Voir la vid\u00e9o de pr\u00e9sentation<\/span>\n\t\t\t\t\t<\/span>\n\t\t\t\t\t<\/a>\n\t\t<\/div>\n\t\t\t\t<\/div>\n\t\t\t\t<\/div>\n\t\t\t\t\t<\/div>\n\t\t<\/section>\n\t\t\t\t<section class=\"elementor-column elementor-col-50 elementor-inner-column elementor-element elementor-element-d6bfa69\" data-id=\"d6bfa69\" data-element_type=\"column\">\n\t\t\t<div class=\"elementor-widget-wrap elementor-element-populated\">\n\t\t\t\t\t\t<div class=\"elementor-element elementor-element-d8a83bc elementor-widget elementor-widget-image\" data-id=\"d8a83bc\" data-element_type=\"widget\" data-widget_type=\"image.default\">\n\t\t\t\t<div class=\"elementor-widget-container\">\n\t\t\t<style>\/*! elementor - v3.21.0 - 20-05-2024 *\/\n.elementor-widget-image{text-align:center}.elementor-widget-image a{display:inline-block}.elementor-widget-image a img[src$=\".svg\"]{width:48px}.elementor-widget-image img{vertical-align:middle;display:inline-block}<\/style>\t\t\t\t\t\t\t\t\t\t<img fetchpriority=\"high\" decoding=\"async\" width=\"515\" height=\"728\" src=\"https:\/\/clemenceroy.com\/wp-content\/uploads\/2022\/08\/affiche-FEE-PARAPLUIE.webp\" class=\"attachment-large size-large wp-image-430\" alt=\"affiche de spectacle une jeune fille en marini\u00e8re sautille en tenant dans ses bras trois parapluies desquels tombent des fleurs de la neige et des feuilles d&#039;automne\" srcset=\"https:\/\/clemenceroy.com\/wp-content\/uploads\/2022\/08\/affiche-FEE-PARAPLUIE.webp 515w, https:\/\/clemenceroy.com\/wp-content\/uploads\/2022\/08\/affiche-FEE-PARAPLUIE-212x300.webp 212w\" sizes=\"(max-width: 515px) 100vw, 515px\" \/>\t\t\t\t\t\t\t\t\t\t\t\t\t<\/div>\n\t\t\t\t<\/div>\n\t\t\t\t\t<\/div>\n\t\t<\/section>\n\t\t\t\t\t<\/div>\n\t\t<\/section>\n\t\t\t\t\t<\/div>\n\t\t<\/div>\n\t\t\t\t\t<\/div>\n\t\t<\/section>\n\t\t\t\t<section class=\"elementor-section elementor-top-section elementor-element elementor-element-b18c36e elementor-section-boxed elementor-section-height-default elementor-section-height-default\" data-id=\"b18c36e\" data-element_type=\"section\">\n\t\t\t\t\t\t<div class=\"elementor-container elementor-column-gap-default\">\n\t\t\t\t\t<div class=\"elementor-column elementor-col-100 elementor-top-column elementor-element elementor-element-5fe0b06\" data-id=\"5fe0b06\" data-element_type=\"column\">\n\t\t\t<div class=\"elementor-widget-wrap elementor-element-populated\">\n\t\t\t\t\t\t<div class=\"elementor-element elementor-element-69846a5 elementor-widget elementor-widget-text-editor\" data-id=\"69846a5\" data-element_type=\"widget\" data-widget_type=\"text-editor.default\">\n\t\t\t\t<div class=\"elementor-widget-container\">\n\t\t\t\t\t\t\t<p>Les autres spectacles : <a href=\"https:\/\/clemenceroy.com\/index.php\/le-petit-theatre-des-contes-2014\/\">Le Petit th\u00e9\u00e2tre des contes<\/a> \/ <a href=\"https:\/\/clemenceroy.com\/index.php\/theatre-forum-2021\/\">Th\u00e9\u00e2tre forum sur le harc\u00e8lement<\/a> \/ <a href=\"https:\/\/clemenceroy.com\/index.php\/la-profession-de-foi\/\">Dis-moi ton p\u00e9ch\u00e9<\/a> \/ <a href=\"https:\/\/clemenceroy.com\/index.php\/elementor-1115\/\">Comme une ritournelle<\/a><a href=\"https:\/\/clemenceroy.com\/index.php\/tybalt-ou-la-peur-de-grandir\/\"> \/ Tybalt ou la peur de grandir<\/a><\/p>\t\t\t\t\t\t<\/div>\n\t\t\t\t<\/div>\n\t\t\t\t\t<\/div>\n\t\t<\/div>\n\t\t\t\t\t<\/div>\n\t\t<\/section>\n\t\t\t\t<\/div>\n\t\t","protected":false},"excerpt":{"rendered":"<p>La F\u00e9e parapluie Cr\u00e9ation conte 2016 \/ Public 2-5 ans \/ dur\u00e9e 40 mn Le spectacle original sous forme de cin\u00e9-conte a \u00e9t\u00e9 cr\u00e9\u00e9 en 2016 en partenariat avec l&rsquo;association Panda Roux (cr\u00e9ations pour l&rsquo;enfance et l&rsquo;\u00e9ducation) et Cin\u00e9 93 (r\u00e9seaux de cin\u00e9mas de la Sein-St-Denis). Une seconde cr\u00e9ation a \u00e9t\u00e9 r\u00e9alis\u00e9e ensuite avec un [&hellip;]<\/p>\n","protected":false},"author":1,"featured_media":0,"parent":0,"menu_order":0,"comment_status":"closed","ping_status":"closed","template":"","meta":{"footnotes":""},"class_list":["post-178","page","type-page","status-publish","hentry","entry"],"_links":{"self":[{"href":"https:\/\/clemenceroy.com\/index.php\/wp-json\/wp\/v2\/pages\/178","targetHints":{"allow":["GET"]}}],"collection":[{"href":"https:\/\/clemenceroy.com\/index.php\/wp-json\/wp\/v2\/pages"}],"about":[{"href":"https:\/\/clemenceroy.com\/index.php\/wp-json\/wp\/v2\/types\/page"}],"author":[{"embeddable":true,"href":"https:\/\/clemenceroy.com\/index.php\/wp-json\/wp\/v2\/users\/1"}],"replies":[{"embeddable":true,"href":"https:\/\/clemenceroy.com\/index.php\/wp-json\/wp\/v2\/comments?post=178"}],"version-history":[{"count":82,"href":"https:\/\/clemenceroy.com\/index.php\/wp-json\/wp\/v2\/pages\/178\/revisions"}],"predecessor-version":[{"id":1492,"href":"https:\/\/clemenceroy.com\/index.php\/wp-json\/wp\/v2\/pages\/178\/revisions\/1492"}],"wp:attachment":[{"href":"https:\/\/clemenceroy.com\/index.php\/wp-json\/wp\/v2\/media?parent=178"}],"curies":[{"name":"wp","href":"https:\/\/api.w.org\/{rel}","templated":true}]}}