{"id":210,"date":"2022-08-20T10:06:35","date_gmt":"2022-08-20T09:06:35","guid":{"rendered":"https:\/\/clemenceroy.com\/?page_id=210"},"modified":"2025-10-29T19:29:07","modified_gmt":"2025-10-29T18:29:07","slug":"theatre-forum-2021","status":"publish","type":"page","link":"https:\/\/clemenceroy.com\/index.php\/theatre-forum-2021\/","title":{"rendered":"Th\u00e9\u00e2tre-forum sur le harc\u00e8lement"},"content":{"rendered":"\t\t<div data-elementor-type=\"wp-page\" data-elementor-id=\"210\" class=\"elementor elementor-210\">\n\t\t\t\t\t\t<section class=\"elementor-section elementor-top-section elementor-element elementor-element-cd14c88 elementor-section-boxed elementor-section-height-default elementor-section-height-default\" data-id=\"cd14c88\" data-element_type=\"section\">\n\t\t\t\t\t\t<div class=\"elementor-container elementor-column-gap-default\">\n\t\t\t\t\t<div class=\"elementor-column elementor-col-100 elementor-top-column elementor-element elementor-element-80ae901\" data-id=\"80ae901\" data-element_type=\"column\">\n\t\t\t<div class=\"elementor-widget-wrap elementor-element-populated\">\n\t\t\t\t\t\t<section class=\"elementor-section elementor-inner-section elementor-element elementor-element-f0a7fb2 elementor-section-boxed elementor-section-height-default elementor-section-height-default\" data-id=\"f0a7fb2\" data-element_type=\"section\">\n\t\t\t\t\t\t<div class=\"elementor-container elementor-column-gap-default\">\n\t\t\t\t\t<section class=\"elementor-column elementor-col-50 elementor-inner-column elementor-element elementor-element-41cfbcd\" data-id=\"41cfbcd\" data-element_type=\"column\">\n\t\t\t<div class=\"elementor-widget-wrap elementor-element-populated\">\n\t\t\t\t\t\t<div class=\"elementor-element elementor-element-ddbe85b elementor-widget elementor-widget-heading\" data-id=\"ddbe85b\" data-element_type=\"widget\" data-widget_type=\"heading.default\">\n\t\t\t\t<div class=\"elementor-widget-container\">\n\t\t\t<style>\/*! elementor - v3.21.0 - 20-05-2024 *\/\n.elementor-heading-title{padding:0;margin:0;line-height:1}.elementor-widget-heading .elementor-heading-title[class*=elementor-size-]>a{color:inherit;font-size:inherit;line-height:inherit}.elementor-widget-heading .elementor-heading-title.elementor-size-small{font-size:15px}.elementor-widget-heading .elementor-heading-title.elementor-size-medium{font-size:19px}.elementor-widget-heading .elementor-heading-title.elementor-size-large{font-size:29px}.elementor-widget-heading .elementor-heading-title.elementor-size-xl{font-size:39px}.elementor-widget-heading .elementor-heading-title.elementor-size-xxl{font-size:59px}<\/style><h2 class=\"elementor-heading-title elementor-size-default\">Th\u00e9\u00e2tre-forum<\/h2>\t\t<\/div>\n\t\t\t\t<\/div>\n\t\t\t\t<div class=\"elementor-element elementor-element-562e082 elementor-widget elementor-widget-heading\" data-id=\"562e082\" data-element_type=\"widget\" data-widget_type=\"heading.default\">\n\t\t\t\t<div class=\"elementor-widget-container\">\n\t\t\t<h3 class=\"elementor-heading-title elementor-size-default\">Cr\u00e9ation th\u00e9\u00e2tre-forum 2021 \/ GRAT Collectif<br>Repr\u00e9sentations en coll\u00e8ges mais pas que \/ Dur\u00e9e 2h<\/h3>\t\t<\/div>\n\t\t\t\t<\/div>\n\t\t\t\t<div class=\"elementor-element elementor-element-34ecdaa elementor-widget elementor-widget-text-editor\" data-id=\"34ecdaa\" data-element_type=\"widget\" data-widget_type=\"text-editor.default\">\n\t\t\t\t<div class=\"elementor-widget-container\">\n\t\t\t<style>\/*! elementor - v3.21.0 - 20-05-2024 *\/\n.elementor-widget-text-editor.elementor-drop-cap-view-stacked .elementor-drop-cap{background-color:#69727d;color:#fff}.elementor-widget-text-editor.elementor-drop-cap-view-framed .elementor-drop-cap{color:#69727d;border:3px solid;background-color:transparent}.elementor-widget-text-editor:not(.elementor-drop-cap-view-default) .elementor-drop-cap{margin-top:8px}.elementor-widget-text-editor:not(.elementor-drop-cap-view-default) .elementor-drop-cap-letter{width:1em;height:1em}.elementor-widget-text-editor .elementor-drop-cap{float:left;text-align:center;line-height:1;font-size:50px}.elementor-widget-text-editor .elementor-drop-cap-letter{display:inline-block}<\/style>\t\t\t\t<p><span class=\"wixui-rich-text__text\">Le GRAT est un collectif de quatre com\u00e9diennes et com\u00e9dien rassembl\u00e9es dans l&rsquo;id\u00e9e que le th\u00e9\u00e2tre est un outil permettant d&rsquo;aborder des sujets complexes et trouver ensemble les leviers qui ouvrent le chemin vers une transformation sociale. Le th\u00e9\u00e2tre peut \u00eatre un vecteur de lien, d\u2019\u00e9change et de transmission et les outils th\u00e9\u00e2traux peuvent aider chacun et chacune \u00e0 trouver ses propres cl\u00e9s pour changer la vie. Notre monde est continuellement secou\u00e9 de toutes parts et nous estimons \u00eatre en responsabilit\u00e9 les uns et les unes des autres. <\/span><span class=\"wixui-rich-text__text\">Les probl\u00e9matiques que nous abordons touchent toutes les g\u00e9n\u00e9rations comme le sexisme, les addictions ou le handicap invisible ; d&rsquo;autres sont plus sp\u00e9cifiques comme le cyberharc\u00e8lement. Dans tous les cas, \u2019il y a une grande urgence \u00e0 agir. Ensemble, par l&rsquo;action th\u00e9\u00e2trale, nous semons des Graines de Recherches pour ne plus subir.<\/span><\/p><p>Concept du th\u00e9\u00e2tre-forum : trois com\u00e9diennes et un com\u00e9dien jouent sur sc\u00e8ne plusieurs num\u00e9ros mettant en sc\u00e8ne des situations de harc\u00e8lement en milieu scolaire. Puis la joker, apr\u00e8s avoir r\u00e9colt\u00e9 les ressentis du public, demande aux artistes de rejouer ces m\u00eames sc\u00e8nes. Les spectateurs peuvent \u00e0 tout moment intervenir pour donner leur avis, ou m\u00eame monter sur sc\u00e8ne et faire changer le cours des situations.<\/p><p>Ecriture, Jeu et mise en sc\u00e8ne : Servane Daniel, Fanny Poulain, Cl\u00e9mence Roy, Emmanuel Siret-Griffon<\/p><div style=\"color: #000000; background-color: transparent; text-align: left; text-decoration: none; position: absolute; top: -10000px; left: -10000px;\"><p>Trois com\u00e9diens<br \/>jouent devant les \u00e9l\u00e8ves plusieurs num\u00e9ros mettant en sc\u00e8ne des situations de<br \/>harc\u00e8lement en milieu scolaire. Puis le joker ou meneur de jeu, apr\u00e8s avoir<br \/>r\u00e9colt\u00e9 le ressenti et les propositions du public, demande aux com\u00e9diens de<br \/>rejouer ces m\u00eames sc\u00e8nes. Les spectateurs peuvent \u00e9galement intervenir \u00e0 tout<br \/>moment de ce rejeu, en donnant des id\u00e9es ou m\u00eame en montant eux-m\u00eames sur<br \/>sc\u00e8ne.<\/p><p>En savoir plus : <a href=\"http:\/\/www.belviaggio.fr\/products\/theatre-forum-sur-le-theme-du-harcelement\/?utm_source=copy&amp;utm_medium=paste&amp;utm_campaign=copypaste&amp;utm_content=http%3A%2F%2Fwww.belviaggio.fr%2Fproducts%2Ftheatre-forum-sur-le-theme-du-harcelement%2F\">http:\/\/www.belviaggio.fr\/products\/theatre-forum-sur-le-theme-du-harcelement\/<\/a><\/p><\/div>\t\t\t\t\t\t<\/div>\n\t\t\t\t<\/div>\n\t\t\t\t<div class=\"elementor-element elementor-element-b4b8d15 elementor-align-center elementor-widget elementor-widget-button\" data-id=\"b4b8d15\" data-element_type=\"widget\" data-widget_type=\"button.default\">\n\t\t\t\t<div class=\"elementor-widget-container\">\n\t\t\t\t\t<div class=\"elementor-button-wrapper\">\n\t\t\t<a class=\"elementor-button elementor-button-link elementor-size-sm\" href=\"https:\/\/legratcollectif.wixsite.com\/my-site-5\">\n\t\t\t\t\t\t<span class=\"elementor-button-content-wrapper\">\n\t\t\t\t\t\t\t\t\t<span class=\"elementor-button-text\">Plus d'infos<\/span>\n\t\t\t\t\t<\/span>\n\t\t\t\t\t<\/a>\n\t\t<\/div>\n\t\t\t\t<\/div>\n\t\t\t\t<\/div>\n\t\t\t\t\t<\/div>\n\t\t<\/section>\n\t\t\t\t<section class=\"elementor-column elementor-col-50 elementor-inner-column elementor-element elementor-element-8a93d7d\" data-id=\"8a93d7d\" data-element_type=\"column\">\n\t\t\t<div class=\"elementor-widget-wrap elementor-element-populated\">\n\t\t\t\t\t\t<div class=\"elementor-element elementor-element-11c5635 elementor-widget elementor-widget-image\" data-id=\"11c5635\" data-element_type=\"widget\" data-widget_type=\"image.default\">\n\t\t\t\t<div class=\"elementor-widget-container\">\n\t\t\t<style>\/*! elementor - v3.21.0 - 20-05-2024 *\/\n.elementor-widget-image{text-align:center}.elementor-widget-image a{display:inline-block}.elementor-widget-image a img[src$=\".svg\"]{width:48px}.elementor-widget-image img{vertical-align:middle;display:inline-block}<\/style>\t\t\t\t\t\t\t\t\t\t<img fetchpriority=\"high\" decoding=\"async\" width=\"1024\" height=\"768\" src=\"https:\/\/clemenceroy.com\/wp-content\/uploads\/2023\/10\/THeatre-forum-BV-1024x768.webp\" class=\"attachment-large size-large wp-image-1288\" alt=\"trois com\u00e9diennes et un com\u00e9dien en photo selfie sourient \u00e0 l&#039;objectif\" srcset=\"https:\/\/clemenceroy.com\/wp-content\/uploads\/2023\/10\/THeatre-forum-BV-1024x768.webp 1024w, https:\/\/clemenceroy.com\/wp-content\/uploads\/2023\/10\/THeatre-forum-BV-300x225.webp 300w, https:\/\/clemenceroy.com\/wp-content\/uploads\/2023\/10\/THeatre-forum-BV-768x576.webp 768w, https:\/\/clemenceroy.com\/wp-content\/uploads\/2023\/10\/THeatre-forum-BV-1536x1152.webp 1536w, https:\/\/clemenceroy.com\/wp-content\/uploads\/2023\/10\/THeatre-forum-BV-2048x1536.webp 2048w\" sizes=\"(max-width: 1024px) 100vw, 1024px\" \/>\t\t\t\t\t\t\t\t\t\t\t\t\t<\/div>\n\t\t\t\t<\/div>\n\t\t\t\t\t<\/div>\n\t\t<\/section>\n\t\t\t\t\t<\/div>\n\t\t<\/section>\n\t\t\t\t\t<\/div>\n\t\t<\/div>\n\t\t\t\t\t<\/div>\n\t\t<\/section>\n\t\t\t\t<section class=\"elementor-section elementor-top-section elementor-element elementor-element-b540241 elementor-section-boxed elementor-section-height-default elementor-section-height-default\" data-id=\"b540241\" data-element_type=\"section\">\n\t\t\t\t\t\t<div class=\"elementor-container elementor-column-gap-default\">\n\t\t\t\t\t<div class=\"elementor-column elementor-col-100 elementor-top-column elementor-element elementor-element-5ee41c7\" data-id=\"5ee41c7\" data-element_type=\"column\">\n\t\t\t<div class=\"elementor-widget-wrap elementor-element-populated\">\n\t\t\t\t\t\t<div class=\"elementor-element elementor-element-ff72f39 elementor-widget elementor-widget-text-editor\" data-id=\"ff72f39\" data-element_type=\"widget\" data-widget_type=\"text-editor.default\">\n\t\t\t\t<div class=\"elementor-widget-container\">\n\t\t\t\t\t\t\t<p>Les autres spectacles : <a href=\"https:\/\/clemenceroy.com\/index.php\/elementor-178\/\">La F\u00e9e parapluie<\/a> \/ <a href=\"https:\/\/clemenceroy.com\/index.php\/le-petit-theatre-des-contes-2014\/\">Le Petit th\u00e9\u00e2tre des contes<\/a> \/\u00a0<a href=\"https:\/\/clemenceroy.com\/index.php\/la-profession-de-foi\/\">Dis-moi ton p\u00e9ch\u00e9<\/a> \/ <a href=\"https:\/\/clemenceroy.com\/index.php\/elementor-1115\/\">Comme une ritournelle<\/a><a href=\"https:\/\/clemenceroy.com\/index.php\/tybalt-ou-la-peur-de-grandir\/\"> \/ Tybalt ou la peur de grandir<\/a><\/p>\t\t\t\t\t\t<\/div>\n\t\t\t\t<\/div>\n\t\t\t\t\t<\/div>\n\t\t<\/div>\n\t\t\t\t\t<\/div>\n\t\t<\/section>\n\t\t\t\t<\/div>\n\t\t","protected":false},"excerpt":{"rendered":"<p>Th\u00e9\u00e2tre-forum Cr\u00e9ation th\u00e9\u00e2tre-forum 2021 \/ GRAT CollectifRepr\u00e9sentations en coll\u00e8ges mais pas que \/ Dur\u00e9e 2h Le GRAT est un collectif de quatre com\u00e9diennes et com\u00e9dien rassembl\u00e9es dans l&rsquo;id\u00e9e que le th\u00e9\u00e2tre est un outil permettant d&rsquo;aborder des sujets complexes et trouver ensemble les leviers qui ouvrent le chemin vers une transformation sociale. Le th\u00e9\u00e2tre peut [&hellip;]<\/p>\n","protected":false},"author":1,"featured_media":0,"parent":0,"menu_order":0,"comment_status":"closed","ping_status":"closed","template":"","meta":{"footnotes":""},"class_list":["post-210","page","type-page","status-publish","hentry","entry"],"_links":{"self":[{"href":"https:\/\/clemenceroy.com\/index.php\/wp-json\/wp\/v2\/pages\/210","targetHints":{"allow":["GET"]}}],"collection":[{"href":"https:\/\/clemenceroy.com\/index.php\/wp-json\/wp\/v2\/pages"}],"about":[{"href":"https:\/\/clemenceroy.com\/index.php\/wp-json\/wp\/v2\/types\/page"}],"author":[{"embeddable":true,"href":"https:\/\/clemenceroy.com\/index.php\/wp-json\/wp\/v2\/users\/1"}],"replies":[{"embeddable":true,"href":"https:\/\/clemenceroy.com\/index.php\/wp-json\/wp\/v2\/comments?post=210"}],"version-history":[{"count":63,"href":"https:\/\/clemenceroy.com\/index.php\/wp-json\/wp\/v2\/pages\/210\/revisions"}],"predecessor-version":[{"id":1522,"href":"https:\/\/clemenceroy.com\/index.php\/wp-json\/wp\/v2\/pages\/210\/revisions\/1522"}],"wp:attachment":[{"href":"https:\/\/clemenceroy.com\/index.php\/wp-json\/wp\/v2\/media?parent=210"}],"curies":[{"name":"wp","href":"https:\/\/api.w.org\/{rel}","templated":true}]}}