{"id":26,"date":"2022-08-19T20:24:30","date_gmt":"2022-08-19T19:24:30","guid":{"rendered":"https:\/\/clemenceroy.com\/?page_id=26"},"modified":"2022-08-29T21:04:02","modified_gmt":"2022-08-29T20:04:02","slug":"contact","status":"publish","type":"page","link":"https:\/\/clemenceroy.com\/index.php\/contact\/","title":{"rendered":"Contact"},"content":{"rendered":"\t\t<div data-elementor-type=\"wp-post\" data-elementor-id=\"26\" class=\"elementor elementor-26\">\n\t\t\t\t\t\t<section class=\"elementor-section elementor-top-section elementor-element elementor-element-3c8905b elementor-section-boxed elementor-section-height-default elementor-section-height-default\" data-id=\"3c8905b\" data-element_type=\"section\">\n\t\t\t\t\t\t<div class=\"elementor-container elementor-column-gap-default\">\n\t\t\t\t\t<div class=\"elementor-column elementor-col-100 elementor-top-column elementor-element elementor-element-02770ea\" data-id=\"02770ea\" data-element_type=\"column\">\n\t\t\t<div class=\"elementor-widget-wrap elementor-element-populated\">\n\t\t\t\t\t\t<section class=\"elementor-section elementor-inner-section elementor-element elementor-element-19e22fc elementor-section-boxed elementor-section-height-default elementor-section-height-default\" data-id=\"19e22fc\" data-element_type=\"section\">\n\t\t\t\t\t\t<div class=\"elementor-container elementor-column-gap-default\">\n\t\t\t\t\t<section class=\"elementor-column elementor-col-33 elementor-inner-column elementor-element elementor-element-2c8f1f9\" data-id=\"2c8f1f9\" data-element_type=\"column\">\n\t\t\t<div class=\"elementor-widget-wrap elementor-element-populated\">\n\t\t\t\t\t\t<div class=\"elementor-element elementor-element-0602d58 elementor-widget elementor-widget-heading\" data-id=\"0602d58\" data-element_type=\"widget\" data-widget_type=\"heading.default\">\n\t\t\t\t<div class=\"elementor-widget-container\">\n\t\t\t<style>\/*! elementor - v3.21.0 - 20-05-2024 *\/\n.elementor-heading-title{padding:0;margin:0;line-height:1}.elementor-widget-heading .elementor-heading-title[class*=elementor-size-]>a{color:inherit;font-size:inherit;line-height:inherit}.elementor-widget-heading .elementor-heading-title.elementor-size-small{font-size:15px}.elementor-widget-heading .elementor-heading-title.elementor-size-medium{font-size:19px}.elementor-widget-heading .elementor-heading-title.elementor-size-large{font-size:29px}.elementor-widget-heading .elementor-heading-title.elementor-size-xl{font-size:39px}.elementor-widget-heading .elementor-heading-title.elementor-size-xxl{font-size:59px}<\/style><h2 class=\"elementor-heading-title elementor-size-default\">Contact<\/h2>\t\t<\/div>\n\t\t\t\t<\/div>\n\t\t\t\t<div class=\"elementor-element elementor-element-786a98a elementor-widget elementor-widget-text-editor\" data-id=\"786a98a\" data-element_type=\"widget\" data-widget_type=\"text-editor.default\">\n\t\t\t\t<div class=\"elementor-widget-container\">\n\t\t\t<style>\/*! elementor - v3.21.0 - 20-05-2024 *\/\n.elementor-widget-text-editor.elementor-drop-cap-view-stacked .elementor-drop-cap{background-color:#69727d;color:#fff}.elementor-widget-text-editor.elementor-drop-cap-view-framed .elementor-drop-cap{color:#69727d;border:3px solid;background-color:transparent}.elementor-widget-text-editor:not(.elementor-drop-cap-view-default) .elementor-drop-cap{margin-top:8px}.elementor-widget-text-editor:not(.elementor-drop-cap-view-default) .elementor-drop-cap-letter{width:1em;height:1em}.elementor-widget-text-editor .elementor-drop-cap{float:left;text-align:center;line-height:1;font-size:50px}.elementor-widget-text-editor .elementor-drop-cap-letter{display:inline-block}<\/style>\t\t\t\t<p>Cl\u00e9mence ROY<\/p><p>06 76 98 14 83<\/p><p>cclemenceroy@gmail.com<\/p>\t\t\t\t\t\t<\/div>\n\t\t\t\t<\/div>\n\t\t\t\t\t<\/div>\n\t\t<\/section>\n\t\t\t\t<section class=\"elementor-column elementor-col-33 elementor-inner-column elementor-element elementor-element-0117369\" data-id=\"0117369\" data-element_type=\"column\">\n\t\t\t<div class=\"elementor-widget-wrap elementor-element-populated\">\n\t\t\t\t\t\t<div class=\"elementor-element elementor-element-a0bc1c3 elementor-widget elementor-widget-image\" data-id=\"a0bc1c3\" data-element_type=\"widget\" data-widget_type=\"image.default\">\n\t\t\t\t<div class=\"elementor-widget-container\">\n\t\t\t<style>\/*! elementor - v3.21.0 - 20-05-2024 *\/\n.elementor-widget-image{text-align:center}.elementor-widget-image a{display:inline-block}.elementor-widget-image a img[src$=\".svg\"]{width:48px}.elementor-widget-image img{vertical-align:middle;display:inline-block}<\/style>\t\t\t\t\t\t\t\t\t\t<img fetchpriority=\"high\" decoding=\"async\" width=\"512\" height=\"682\" src=\"https:\/\/clemenceroy.com\/wp-content\/uploads\/2022\/08\/Clemence-Roy-comedienne-contact.webp\" class=\"attachment-large size-large wp-image-718\" alt=\"trois petites filles nous tournant le dos se sont approch\u00e9es du castelet d&#039;une com\u00e9dienne apr\u00e8s le spectacle et regardent les marionnettes\" srcset=\"https:\/\/clemenceroy.com\/wp-content\/uploads\/2022\/08\/Clemence-Roy-comedienne-contact.webp 512w, https:\/\/clemenceroy.com\/wp-content\/uploads\/2022\/08\/Clemence-Roy-comedienne-contact-225x300.webp 225w\" sizes=\"(max-width: 512px) 100vw, 512px\" \/>\t\t\t\t\t\t\t\t\t\t\t\t\t<\/div>\n\t\t\t\t<\/div>\n\t\t\t\t\t<\/div>\n\t\t<\/section>\n\t\t\t\t<section class=\"elementor-column elementor-col-33 elementor-inner-column elementor-element elementor-element-d11c1e5\" data-id=\"d11c1e5\" data-element_type=\"column\">\n\t\t\t<div class=\"elementor-widget-wrap elementor-element-populated\">\n\t\t\t\t\t\t<div class=\"elementor-element elementor-element-4a9c8f0 elementor-widget elementor-widget-heading\" data-id=\"4a9c8f0\" data-element_type=\"widget\" data-widget_type=\"heading.default\">\n\t\t\t\t<div class=\"elementor-widget-container\">\n\t\t\t<h2 class=\"elementor-heading-title elementor-size-default\"><br>Contact diffusion<\/h2>\t\t<\/div>\n\t\t\t\t<\/div>\n\t\t\t\t<div class=\"elementor-element elementor-element-ffd9229 elementor-widget elementor-widget-text-editor\" data-id=\"ffd9229\" data-element_type=\"widget\" data-widget_type=\"text-editor.default\">\n\t\t\t\t<div class=\"elementor-widget-container\">\n\t\t\t\t\t\t\t<p>pour \u00ab\u00a0La F\u00e9e parapluie\u00a0\u00bb<\/p><p>et \u00ab\u00a0Le Petit Th\u00e9\u00e2tre des contes\u00a0\u00bb<\/p><p>La Bobinette Cherra<\/p><p>06 03 68 54 10 &#8211; &#8211; contact@labobinettecherra.com<\/p><p><a href=\"_wp_link_placeholder\" data-wplink-edit=\"true\">https:\/\/www.labobinettecherra.com<\/a><\/p>\t\t\t\t\t\t<\/div>\n\t\t\t\t<\/div>\n\t\t\t\t<div class=\"elementor-element elementor-element-66782fb elementor-widget elementor-widget-image\" data-id=\"66782fb\" data-element_type=\"widget\" data-widget_type=\"image.default\">\n\t\t\t\t<div class=\"elementor-widget-container\">\n\t\t\t\t\t\t\t\t\t\t\t\t\t<img decoding=\"async\" width=\"129\" height=\"103\" src=\"https:\/\/clemenceroy.com\/wp-content\/uploads\/2022\/08\/bobinette-cherra.webp\" class=\"attachment-large size-large wp-image-161\" alt=\"logo t\u00eate de petit chaperon rouge qui sourit\" \/>\t\t\t\t\t\t\t\t\t\t\t\t\t<\/div>\n\t\t\t\t<\/div>\n\t\t\t\t\t<\/div>\n\t\t<\/section>\n\t\t\t\t\t<\/div>\n\t\t<\/section>\n\t\t\t\t\t<\/div>\n\t\t<\/div>\n\t\t\t\t\t<\/div>\n\t\t<\/section>\n\t\t\t\t<\/div>\n\t\t","protected":false},"excerpt":{"rendered":"<p>Contact Cl\u00e9mence ROY 06 76 98 14 83 cclemenceroy@gmail.com Contact diffusion pour \u00ab\u00a0La F\u00e9e parapluie\u00a0\u00bb et \u00ab\u00a0Le Petit Th\u00e9\u00e2tre des contes\u00a0\u00bb La Bobinette Cherra 06 03 68 54 10 &#8211; &#8211; contact@labobinettecherra.com https:\/\/www.labobinettecherra.com<\/p>\n","protected":false},"author":1,"featured_media":0,"parent":0,"menu_order":0,"comment_status":"closed","ping_status":"closed","template":"","meta":{"footnotes":""},"class_list":["post-26","page","type-page","status-publish","hentry","entry"],"_links":{"self":[{"href":"https:\/\/clemenceroy.com\/index.php\/wp-json\/wp\/v2\/pages\/26","targetHints":{"allow":["GET"]}}],"collection":[{"href":"https:\/\/clemenceroy.com\/index.php\/wp-json\/wp\/v2\/pages"}],"about":[{"href":"https:\/\/clemenceroy.com\/index.php\/wp-json\/wp\/v2\/types\/page"}],"author":[{"embeddable":true,"href":"https:\/\/clemenceroy.com\/index.php\/wp-json\/wp\/v2\/users\/1"}],"replies":[{"embeddable":true,"href":"https:\/\/clemenceroy.com\/index.php\/wp-json\/wp\/v2\/comments?post=26"}],"version-history":[{"count":50,"href":"https:\/\/clemenceroy.com\/index.php\/wp-json\/wp\/v2\/pages\/26\/revisions"}],"predecessor-version":[{"id":918,"href":"https:\/\/clemenceroy.com\/index.php\/wp-json\/wp\/v2\/pages\/26\/revisions\/918"}],"wp:attachment":[{"href":"https:\/\/clemenceroy.com\/index.php\/wp-json\/wp\/v2\/media?parent=26"}],"curies":[{"name":"wp","href":"https:\/\/api.w.org\/{rel}","templated":true}]}}